{"id":32,"date":"2025-11-23T20:16:24","date_gmt":"2025-11-23T20:16:24","guid":{"rendered":"https:\/\/www.cm-sobral.pt\/?page_id=32"},"modified":"2026-02-25T11:22:14","modified_gmt":"2026-02-25T11:22:14","slug":"maintenance-page-2","status":"publish","type":"page","link":"https:\/\/www.cm-sobral.pt\/","title":{"rendered":""},"content":{"rendered":"\n<div id=\"wp-block-themeisle-blocks-advanced-columns-dff9d0e7\" class=\"wp-block-themeisle-blocks-advanced-columns alignfull has-1-columns has-desktop-equal-layout has-tablet-equal-layout has-mobile-equal-layout has-vertical-center has-dark-bg\"><div class=\"wp-block-themeisle-blocks-advanced-columns-overlay\"><\/div><div class=\"innerblocks-wrap\">\n<div id=\"wp-block-themeisle-blocks-advanced-column-38180c44\" class=\"wp-block-themeisle-blocks-advanced-column\">\n<div id=\"wp-block-themeisle-blocks-advanced-columns-924e3f74\" class=\"wp-block-themeisle-blocks-advanced-columns has-1-columns has-desktop-equal-layout has-tablet-equal-layout has-mobile-equal-layout has-vertical-unset\"><div class=\"wp-block-themeisle-blocks-advanced-columns-overlay\"><\/div><div class=\"innerblocks-wrap\">\n<div id=\"wp-block-themeisle-blocks-advanced-column-bcaceb9e\" class=\"wp-block-themeisle-blocks-advanced-column has-light-bg\">\n<figure class=\"wp-block-image aligncenter size-full is-resized\"><img loading=\"lazy\" decoding=\"async\" width=\"448\" height=\"290\" src=\"https:\/\/www.cm-sobral.pt\/wp-content\/uploads\/2025\/11\/logotiposobralcores.jpg\" alt=\"\" class=\"wp-image-8\" style=\"width:232px;height:auto\" srcset=\"https:\/\/www.cm-sobral.pt\/wp-content\/uploads\/2025\/11\/logotiposobralcores.jpg 448w, https:\/\/www.cm-sobral.pt\/wp-content\/uploads\/2025\/11\/logotiposobralcores-300x194.jpg 300w\" sizes=\"auto, (max-width: 448px) 100vw, 448px\" \/><\/figure>\n\n\n\n<h1 id=\"wp-block-themeisle-blocks-advanced-heading-a7403a29\" class=\"wp-block-themeisle-blocks-advanced-heading wp-block-themeisle-blocks-advanced-heading-a7403a29\">SITE EM MANUTEN\u00c7\u00c3O<\/h1>\n\n\n\n<p id=\"wp-block-themeisle-blocks-advanced-heading-6c8c82bc\" class=\"wp-block-themeisle-blocks-advanced-heading wp-block-themeisle-blocks-advanced-heading-6c8c82bc\">O Munic\u00edpio de Sobral de Monte Agra\u00e7o informa que, devido a problemas t\u00e9cnicos com o servidor da OesteCIM, o site do Munic\u00edpio de Sobral de Monte Agra\u00e7o encontra-se temporariamente indispon\u00edvel.                                            As equipas t\u00e9cnicas est\u00e3o a trabalhar para restabelecer o normal funcionamento com a maior brevidade poss\u00edvel.&nbsp;<br><br>Agradecendo a compreens\u00e3o de todos, informa-se que, at\u00e9 \u00e0 reposi\u00e7\u00e3o do site www.cm-sobral.pt, os seguintes servi\u00e7os estar\u00e3o dispon\u00edveis mediante envio de e-mail para geral@cm-sobral.pt ou atrav\u00e9s de contacto telef\u00f3nico para o n\u00famero 261 940 300:<br><br>\ud83d\udca7 \u00c1\ud835\udc20\ud835\udc2e\ud835\udc1a\ud835\udc2c:<br>\u2022 Comunica\u00e7\u00e3o de leituras<br>\u2022 Comunica\u00e7\u00e3o de avarias<br>\u2022 Ades\u00e3o \u00e0 fatura\u00e7\u00e3o eletr\u00f3nica<br>\u2022 Ades\u00e3o ao d\u00e9bito direto<br><br>\ud83d\uddfa\ufe0f \ud835\udc14\ud835\udc2b\ud835\udc1b\ud835\udc1a\ud835\udc27\ud835\udc22\ud835\udc2c\ud835\udc26\ud835\udc28:<br>\u2022 Pedido de planta de localiza\u00e7\u00e3o<br>\u2022 Requerimentos de obras<br><br>\ud83d\udcda \ud835\udc04\ud835\udc1d\ud835\udc2e\ud835\udc1c\ud835\udc1a\u00e7\u00e3\ud835\udc28:<br>\u2022 Ades\u00e3o \u00e0 fatura\u00e7\u00e3o eletr\u00f3nica<br>\u2022 Ades\u00e3o ao d\u00e9bito direto<br><br>\ud83d\udcbc \ud835\udc11\ud835\udc1e\ud835\udc1c\ud835\udc2b\ud835\udc2e\ud835\udc2d\ud835\udc1a\ud835\udc26\ud835\udc1e\ud835\udc27\ud835\udc2d\ud835\udc28:<br>\u2022 Aceder: <a href=\"https:\/\/recrutamento.cm-sobral.pt\/\">www.recrutamento.cm-sobral.pt<\/a><\/p>\n\n\n\n<p class=\"has-text-align-center\" style=\"font-size:clamp(1.25rem, 1.25rem + ((1vw - 0.2rem) * 1.176), 2rem);\"><strong>CALAMIDADES 2026<\/strong><\/p>\n\n\n\n<p class=\"has-medium-font-size\">Est\u00e3o dispon\u00edveis v\u00e1rios mecanismos de apoio para as popula\u00e7\u00f5es afetadas pelas tempestades:<\/p>\n\n\n\n<p class=\"has-text-align-center has-medium-font-size\"><strong>Habita\u00e7\u00f5es, Agricultura e Munic\u00edpios<\/strong><\/p>\n\n\n\n<p class=\"has-text-align-center has-medium-font-size\"><a href=\"https:\/\/www.ccdr-lvt.pt\/apoios-e-incentivos\/calamidades-2026\/\" target=\"_blank\" rel=\"noreferrer noopener\">https:\/\/www.ccdr-lvt.pt\/apoios-e-incentivos\/calamidades-2026\/<\/a><\/p>\n\n\n\n<p class=\"has-text-align-center\"><strong>Empresas<\/strong><\/p>\n\n\n\n<p class=\"has-text-align-center has-medium-font-size\"><a href=\"https:\/\/www.bpfomento.pt\/pt\/catalogo\/produtos-de-garantia\/\" target=\"_blank\" rel=\"noreferrer noopener\">https:\/\/www.bpfomento.pt\/pt\/catalogo\/produtos-de-garantia\/<\/a><\/p>\n\n\n\n<p class=\"has-text-align-center\">Contactos de apoio<\/p>\n\n\n\n<p class=\"has-text-align-center\"><img loading=\"lazy\" decoding=\"async\" height=\"16\" width=\"16\" alt=\"\u2709\ufe0f\" src=\"https:\/\/static.xx.fbcdn.net\/images\/emoji.php\/v9\/tb8\/2\/16\/2709.png\"> calamidades2026@ccdr-lvt.pt<\/p>\n\n\n\n<p class=\"has-text-align-center\"><img loading=\"lazy\" decoding=\"async\" height=\"16\" width=\"16\" alt=\"\ud83d\udcde\" src=\"https:\/\/static.xx.fbcdn.net\/images\/emoji.php\/v9\/tec\/2\/16\/1f4de.png\"> 91 246 66 32 | 91 866 11 94<\/p>\n\n\n\n<figure class=\"wp-block-image aligncenter size-large is-resized\"><img loading=\"lazy\" decoding=\"async\" width=\"827\" height=\"1024\" src=\"https:\/\/www.cm-sobral.pt\/wp-content\/uploads\/2026\/02\/calamidades_2026-827x1024.jpg\" alt=\"\" class=\"wp-image-52\" style=\"aspect-ratio:0.8076292571512774;width:319px;height:auto\" srcset=\"https:\/\/www.cm-sobral.pt\/wp-content\/uploads\/2026\/02\/calamidades_2026-827x1024.jpg 827w, https:\/\/www.cm-sobral.pt\/wp-content\/uploads\/2026\/02\/calamidades_2026-242x300.jpg 242w, https:\/\/www.cm-sobral.pt\/wp-content\/uploads\/2026\/02\/calamidades_2026-768x951.jpg 768w, https:\/\/www.cm-sobral.pt\/wp-content\/uploads\/2026\/02\/calamidades_2026-1240x1536.jpg 1240w, https:\/\/www.cm-sobral.pt\/wp-content\/uploads\/2026\/02\/calamidades_2026-1654x2048.jpg 1654w\" sizes=\"auto, (max-width: 827px) 100vw, 827px\" \/><\/figure>\n\n\n\n<figure class=\"wp-block-image aligncenter size-full is-resized\"><img loading=\"lazy\" decoding=\"async\" width=\"448\" height=\"290\" src=\"https:\/\/www.cm-sobral.pt\/wp-content\/uploads\/2025\/11\/logotiposobralcores.jpg\" alt=\"\" class=\"wp-image-8\" style=\"width:131px;height:auto\" srcset=\"https:\/\/www.cm-sobral.pt\/wp-content\/uploads\/2025\/11\/logotiposobralcores.jpg 448w, https:\/\/www.cm-sobral.pt\/wp-content\/uploads\/2025\/11\/logotiposobralcores-300x194.jpg 300w\" sizes=\"auto, (max-width: 448px) 100vw, 448px\" \/><\/figure>\n\n\n\n<p class=\"has-text-align-center\"><strong>N\u00daMERO VERDE PARA COMUNICA\u00c7\u00c3O DE ROTURAS<\/strong> <strong>DE \u00c1GUAS<\/strong><\/p>\n\n\n\n<p class=\"has-text-align-center\"><strong>261 940 348  \/ 800 207 914<\/strong><\/p>\n\n\n\n<p class=\"has-text-align-center\"><strong>SERVI\u00c7O MUNICIPAL DE PROTE\u00c7\u00c3O CIVIL<\/strong><\/p>\n\n\n\n<p class=\"has-text-align-center\"><strong>261 942 900<\/strong><\/p>\n\n\n\n<figure class=\"wp-block-image aligncenter size-full is-resized\"><img loading=\"lazy\" decoding=\"async\" width=\"1739\" height=\"1739\" src=\"https:\/\/www.cm-sobral.pt\/wp-content\/uploads\/2026\/02\/308679763_165369242818167_3310817164462602729_n.png\" alt=\"\" class=\"wp-image-49\" style=\"width:124px;height:auto\" srcset=\"https:\/\/www.cm-sobral.pt\/wp-content\/uploads\/2026\/02\/308679763_165369242818167_3310817164462602729_n.png 1739w, https:\/\/www.cm-sobral.pt\/wp-content\/uploads\/2026\/02\/308679763_165369242818167_3310817164462602729_n-300x300.png 300w, https:\/\/www.cm-sobral.pt\/wp-content\/uploads\/2026\/02\/308679763_165369242818167_3310817164462602729_n-1024x1024.png 1024w, https:\/\/www.cm-sobral.pt\/wp-content\/uploads\/2026\/02\/308679763_165369242818167_3310817164462602729_n-150x150.png 150w, https:\/\/www.cm-sobral.pt\/wp-content\/uploads\/2026\/02\/308679763_165369242818167_3310817164462602729_n-768x768.png 768w, https:\/\/www.cm-sobral.pt\/wp-content\/uploads\/2026\/02\/308679763_165369242818167_3310817164462602729_n-1536x1536.png 1536w\" sizes=\"auto, (max-width: 1739px) 100vw, 1739px\" \/><\/figure>\n\n\n\n<p class=\"has-text-align-center\"><strong>BOMBEIROS VOLUNT\u00c1RIOS DE SOBRAL DE MONTE AGRA\u00c7O<\/strong><\/p>\n\n\n\n<p class=\"has-text-align-center\"><strong>261 941 122<\/strong><\/p>\n\n\n\n<figure class=\"wp-block-image aligncenter size-full is-resized\"><img loading=\"lazy\" decoding=\"async\" width=\"147\" height=\"185\" src=\"https:\/\/www.cm-sobral.pt\/wp-content\/uploads\/2026\/02\/Unknown-1.png\" alt=\"\" class=\"wp-image-44\" style=\"width:110px;height:auto\"\/><\/figure>\n<\/div>\n<\/div><\/div>\n\n\n\n<div id=\"wp-block-themeisle-blocks-button-group-dfcdde71\" class=\"wp-block-themeisle-blocks-button-group collapse-desktop wp-block-buttons align-full-desktop\">\n<div id=\"wp-block-themeisle-blocks-button-350eb1c6\" class=\"wp-block-themeisle-blocks-button wp-block-button\"><a target=\"_self\" rel=\"noopener noreferrer\" class=\"wp-block-button__link\"><span><\/span><\/a><\/div>\n<\/div>\n\n\n\n<ul class=\"wp-block-social-links aligncenter has-large-icon-size has-icon-color has-icon-background-color is-style-pill-shape ticss-8abde06a is-content-justification-center is-layout-flex wp-container-core-social-links-is-layout-a89b3969 wp-block-social-links-is-layout-flex\"><li style=\"color:#ffffff;background-color:#0b0b0b;\" class=\"wp-social-link wp-social-link-facebook has-white-color wp-block-social-link\"><a href=\"https:\/\/www.facebook.com\/municipiosobralmonteagraco\" class=\"wp-block-social-link-anchor\"><svg width=\"24\" height=\"24\" viewBox=\"0 0 24 24\" version=\"1.1\" xmlns=\"http:\/\/www.w3.org\/2000\/svg\" aria-hidden=\"true\" focusable=\"false\"><path d=\"M12 2C6.5 2 2 6.5 2 12c0 5 3.7 9.1 8.4 9.9v-7H7.9V12h2.5V9.8c0-2.5 1.5-3.9 3.8-3.9 1.1 0 2.2.2 2.2.2v2.5h-1.3c-1.2 0-1.6.8-1.6 1.6V12h2.8l-.4 2.9h-2.3v7C18.3 21.1 22 17 22 12c0-5.5-4.5-10-10-10z\"><\/path><\/svg><span class=\"wp-block-social-link-label screen-reader-text\">Facebook<\/span><\/a><\/li>\n\n<li style=\"color:#ffffff;background-color:#0b0b0b;\" class=\"wp-social-link wp-social-link-instagram has-white-color wp-block-social-link\"><a href=\"https:\/\/www.instagram.com\/sobralcm\/\" class=\"wp-block-social-link-anchor\"><svg width=\"24\" height=\"24\" viewBox=\"0 0 24 24\" version=\"1.1\" xmlns=\"http:\/\/www.w3.org\/2000\/svg\" aria-hidden=\"true\" focusable=\"false\"><path d=\"M12,4.622c2.403,0,2.688,0.009,3.637,0.052c0.877,0.04,1.354,0.187,1.671,0.31c0.42,0.163,0.72,0.358,1.035,0.673 c0.315,0.315,0.51,0.615,0.673,1.035c0.123,0.317,0.27,0.794,0.31,1.671c0.043,0.949,0.052,1.234,0.052,3.637 s-0.009,2.688-0.052,3.637c-0.04,0.877-0.187,1.354-0.31,1.671c-0.163,0.42-0.358,0.72-0.673,1.035 c-0.315,0.315-0.615,0.51-1.035,0.673c-0.317,0.123-0.794,0.27-1.671,0.31c-0.949,0.043-1.233,0.052-3.637,0.052 s-2.688-0.009-3.637-0.052c-0.877-0.04-1.354-0.187-1.671-0.31c-0.42-0.163-0.72-0.358-1.035-0.673 c-0.315-0.315-0.51-0.615-0.673-1.035c-0.123-0.317-0.27-0.794-0.31-1.671C4.631,14.688,4.622,14.403,4.622,12 s0.009-2.688,0.052-3.637c0.04-0.877,0.187-1.354,0.31-1.671c0.163-0.42,0.358-0.72,0.673-1.035 c0.315-0.315,0.615-0.51,1.035-0.673c0.317-0.123,0.794-0.27,1.671-0.31C9.312,4.631,9.597,4.622,12,4.622 M12,3 C9.556,3,9.249,3.01,8.289,3.054C7.331,3.098,6.677,3.25,6.105,3.472C5.513,3.702,5.011,4.01,4.511,4.511 c-0.5,0.5-0.808,1.002-1.038,1.594C3.25,6.677,3.098,7.331,3.054,8.289C3.01,9.249,3,9.556,3,12c0,2.444,0.01,2.751,0.054,3.711 c0.044,0.958,0.196,1.612,0.418,2.185c0.23,0.592,0.538,1.094,1.038,1.594c0.5,0.5,1.002,0.808,1.594,1.038 c0.572,0.222,1.227,0.375,2.185,0.418C9.249,20.99,9.556,21,12,21s2.751-0.01,3.711-0.054c0.958-0.044,1.612-0.196,2.185-0.418 c0.592-0.23,1.094-0.538,1.594-1.038c0.5-0.5,0.808-1.002,1.038-1.594c0.222-0.572,0.375-1.227,0.418-2.185 C20.99,14.751,21,14.444,21,12s-0.01-2.751-0.054-3.711c-0.044-0.958-0.196-1.612-0.418-2.185c-0.23-0.592-0.538-1.094-1.038-1.594 c-0.5-0.5-1.002-0.808-1.594-1.038c-0.572-0.222-1.227-0.375-2.185-0.418C14.751,3.01,14.444,3,12,3L12,3z M12,7.378 c-2.552,0-4.622,2.069-4.622,4.622S9.448,16.622,12,16.622s4.622-2.069,4.622-4.622S14.552,7.378,12,7.378z M12,15 c-1.657,0-3-1.343-3-3s1.343-3,3-3s3,1.343,3,3S13.657,15,12,15z M16.804,6.116c-0.596,0-1.08,0.484-1.08,1.08 s0.484,1.08,1.08,1.08c0.596,0,1.08-0.484,1.08-1.08S17.401,6.116,16.804,6.116z\"><\/path><\/svg><span class=\"wp-block-social-link-label screen-reader-text\">Instagram<\/span><\/a><\/li><\/ul>\n<\/div>\n<\/div><\/div>\n","protected":false},"excerpt":{"rendered":"","protected":false},"author":2,"featured_media":14,"parent":0,"menu_order":0,"comment_status":"closed","ping_status":"closed","template":"templates\/wpmm-page-template.php","meta":{"_themeisle_gutenberg_block_has_review":false,"footnotes":""},"class_list":["post-32","page","type-page","status-publish","has-post-thumbnail","hentry"],"_links":{"self":[{"href":"https:\/\/www.cm-sobral.pt\/index.php?rest_route=\/wp\/v2\/pages\/32","targetHints":{"allow":["GET"]}}],"collection":[{"href":"https:\/\/www.cm-sobral.pt\/index.php?rest_route=\/wp\/v2\/pages"}],"about":[{"href":"https:\/\/www.cm-sobral.pt\/index.php?rest_route=\/wp\/v2\/types\/page"}],"author":[{"embeddable":true,"href":"https:\/\/www.cm-sobral.pt\/index.php?rest_route=\/wp\/v2\/users\/2"}],"replies":[{"embeddable":true,"href":"https:\/\/www.cm-sobral.pt\/index.php?rest_route=%2Fwp%2Fv2%2Fcomments&post=32"}],"version-history":[{"count":5,"href":"https:\/\/www.cm-sobral.pt\/index.php?rest_route=\/wp\/v2\/pages\/32\/revisions"}],"predecessor-version":[{"id":62,"href":"https:\/\/www.cm-sobral.pt\/index.php?rest_route=\/wp\/v2\/pages\/32\/revisions\/62"}],"wp:featuredmedia":[{"embeddable":true,"href":"https:\/\/www.cm-sobral.pt\/index.php?rest_route=\/wp\/v2\/media\/14"}],"wp:attachment":[{"href":"https:\/\/www.cm-sobral.pt\/index.php?rest_route=%2Fwp%2Fv2%2Fmedia&parent=32"}],"curies":[{"name":"wp","href":"https:\/\/api.w.org\/{rel}","templated":true}]}}